{"id":1807,"date":"2025-10-31T09:56:55","date_gmt":"2025-10-31T12:56:55","guid":{"rendered":"https:\/\/xpmu.online\/politica-de-cookies-2\/"},"modified":"2025-10-31T09:56:55","modified_gmt":"2025-10-31T12:56:55","slug":"politica-de-cookies-2","status":"publish","type":"page","link":"https:\/\/xpmu.online\/en\/politica-de-cookies-2\/","title":{"rendered":"Pol\u00edtica de Cookies"},"content":{"rendered":"<h2>Pol\u00edtica de Cookies \u2013 xpmu.online<\/h2>\n<p>Esta Pol\u00edtica explica o que s\u00e3o cookies, quais usamos em <strong>xpmu.online<\/strong> e como voc\u00ea pode gerenciar suas prefer\u00eancias (LGPD\/GDPR).<\/p>\n<h3>1. O que s\u00e3o cookies?<\/h3>\n<p>Pequenos arquivos armazenados no seu dispositivo para lembrar prefer\u00eancias, melhorar desempenho e permitir funcionalidades.<\/p>\n<h3>2. Tipos que utilizamos<\/h3>\n<ul>\n<li><strong>Essenciais:<\/strong> funcionamento b\u00e1sico, seguran\u00e7a, login.<\/li>\n<li><strong>Desempenho\/Anal\u00edticos:<\/strong> uso do site para melhorar conte\u00fado.<\/li>\n<li><strong>Funcionais:<\/strong> lembrar prefer\u00eancias.<\/li>\n<li><strong>Publicidade:<\/strong> personaliza\u00e7\u00e3o de an\u00fancios (ex.: Google AdSense e parceiros).<\/li>\n<\/ul>\n<h3>3. Cookies de terceiros<\/h3>\n<p>Servi\u00e7os como Google, YouTube, Facebook podem definir cookies quando conte\u00fados incorporados s\u00e3o carregados.<\/p>\n<h3>4. Gest\u00e3o de cookies<\/h3>\n<p>Voc\u00ea pode aceitar ou recusar cookies no banner. A qualquer momento, clique em <em>Gerenciar consentimento<\/em> no rodap\u00e9. Tamb\u00e9m \u00e9 poss\u00edvel controlar cookies no navegador.<\/p>\n<h3>5. Consentimento<\/h3>\n<p>O registro do seu consentimento \u00e9 armazenado por at\u00e9 180 dias. Voc\u00ea pode revogar a qualquer momento.<\/p>\n<h3>6. Contato<\/h3>\n<p>D\u00favidas: <strong>admin@xpmu.online<\/strong>.<\/p>\n<h3>7. Atualiza\u00e7\u00f5es<\/h3>\n<p>Esta Pol\u00edtica pode ser atualizada periodicamente.<\/p>","protected":false},"excerpt":{"rendered":"<p>Pol\u00edtica de Cookies \u2013 xpmu.online Esta Pol\u00edtica explica o que s\u00e3o cookies, quais usamos em xpmu.online e como voc\u00ea pode gerenciar suas prefer\u00eancias (LGPD\/GDPR). 1. O que s\u00e3o cookies? Pequenos arquivos armazenados no seu dispositivo para lembrar prefer\u00eancias, melhorar desempenho e permitir funcionalidades. 2. Tipos que utilizamos Essenciais: funcionamento b\u00e1sico, seguran\u00e7a, login. Desempenho\/Anal\u00edticos: uso do [&hellip;]<\/p>","protected":false},"author":1,"featured_media":0,"parent":0,"menu_order":0,"comment_status":"closed","ping_status":"closed","template":"","meta":{"footnotes":""},"class_list":["post-1807","page","type-page","status-publish","hentry"],"yoast_head":"<!-- This site is optimized with the Yoast SEO plugin v27.2 - https:\/\/yoast.com\/product\/yoast-seo-wordpress\/ -->\n<title>Pol\u00edtica de Cookies - MuMystic<\/title>\n<meta name=\"robots\" content=\"index, follow, max-snippet:-1, max-image-preview:large, max-video-preview:-1\" \/>\n<link rel=\"canonical\" href=\"https:\/\/xpmu.online\/en\/politica-de-cookies-2\/\" \/>\n<meta property=\"og:locale\" content=\"en_US\" \/>\n<meta property=\"og:type\" content=\"article\" \/>\n<meta property=\"og:title\" content=\"Pol\u00edtica de Cookies - MuMystic\" \/>\n<meta property=\"og:description\" content=\"Pol\u00edtica de Cookies \u2013 xpmu.online Esta Pol\u00edtica explica o que s\u00e3o cookies, quais usamos em xpmu.online e como voc\u00ea pode gerenciar suas prefer\u00eancias (LGPD\/GDPR). 1. O que s\u00e3o cookies? Pequenos arquivos armazenados no seu dispositivo para lembrar prefer\u00eancias, melhorar desempenho e permitir funcionalidades. 2. Tipos que utilizamos Essenciais: funcionamento b\u00e1sico, seguran\u00e7a, login. Desempenho\/Anal\u00edticos: uso do [&hellip;]\" \/>\n<meta property=\"og:url\" content=\"https:\/\/xpmu.online\/en\/politica-de-cookies-2\/\" \/>\n<meta property=\"og:site_name\" content=\"MuMystic\" \/>\n<meta property=\"article:publisher\" content=\"https:\/\/www.facebook.com\/Brazukaoficial\" \/>\n<meta name=\"twitter:card\" content=\"summary_large_image\" \/>\n<meta name=\"twitter:label1\" content=\"Est. reading time\" \/>\n\t<meta name=\"twitter:data1\" content=\"1 minute\" \/>\n<script type=\"application\/ld+json\" class=\"yoast-schema-graph\">{\"@context\":\"https:\/\/schema.org\",\"@graph\":[{\"@type\":\"WebPage\",\"@id\":\"https:\/\/xpmu.online\/politica-de-cookies-2\/\",\"url\":\"https:\/\/xpmu.online\/politica-de-cookies-2\/\",\"name\":\"Pol\u00edtica de Cookies - MuMystic\",\"isPartOf\":{\"@id\":\"https:\/\/xpmu.online\/#website\"},\"datePublished\":\"2025-10-31T12:56:55+00:00\",\"breadcrumb\":{\"@id\":\"https:\/\/xpmu.online\/politica-de-cookies-2\/#breadcrumb\"},\"inLanguage\":\"en-US\",\"potentialAction\":[{\"@type\":\"ReadAction\",\"target\":[\"https:\/\/xpmu.online\/politica-de-cookies-2\/\"]}]},{\"@type\":\"BreadcrumbList\",\"@id\":\"https:\/\/xpmu.online\/politica-de-cookies-2\/#breadcrumb\",\"itemListElement\":[{\"@type\":\"ListItem\",\"position\":1,\"name\":\"Home\",\"item\":\"https:\/\/xpmu.online\/\"},{\"@type\":\"ListItem\",\"position\":2,\"name\":\"Pol\u00edtica de Cookies\"}]},{\"@type\":\"WebSite\",\"@id\":\"https:\/\/xpmu.online\/#website\",\"url\":\"https:\/\/xpmu.online\/\",\"name\":\"MuMystic\",\"description\":\"Portal do Player\",\"publisher\":{\"@id\":\"https:\/\/xpmu.online\/#organization\"},\"potentialAction\":[{\"@type\":\"SearchAction\",\"target\":{\"@type\":\"EntryPoint\",\"urlTemplate\":\"https:\/\/xpmu.online\/?s={search_term_string}\"},\"query-input\":{\"@type\":\"PropertyValueSpecification\",\"valueRequired\":true,\"valueName\":\"search_term_string\"}}],\"inLanguage\":\"en-US\"},{\"@type\":\"Organization\",\"@id\":\"https:\/\/xpmu.online\/#organization\",\"name\":\"MuMystic\",\"url\":\"https:\/\/xpmu.online\/\",\"logo\":{\"@type\":\"ImageObject\",\"inLanguage\":\"en-US\",\"@id\":\"https:\/\/xpmu.online\/#\/schema\/logo\/image\/\",\"url\":\"https:\/\/xpmu.online\/wp-content\/uploads\/2025\/09\/cropped-MUMYSTICLOGO.fw_.png\",\"contentUrl\":\"https:\/\/xpmu.online\/wp-content\/uploads\/2025\/09\/cropped-MUMYSTICLOGO.fw_.png\",\"width\":1672,\"height\":1672,\"caption\":\"MuMystic\"},\"image\":{\"@id\":\"https:\/\/xpmu.online\/#\/schema\/logo\/image\/\"},\"sameAs\":[\"https:\/\/www.facebook.com\/Brazukaoficial\"]}]}<\/script>\n<!-- \/ Yoast SEO plugin. -->","yoast_head_json":{"title":"Pol\u00edtica de Cookies - MuMystic","robots":{"index":"index","follow":"follow","max-snippet":"max-snippet:-1","max-image-preview":"max-image-preview:large","max-video-preview":"max-video-preview:-1"},"canonical":"https:\/\/xpmu.online\/en\/politica-de-cookies-2\/","og_locale":"en_US","og_type":"article","og_title":"Pol\u00edtica de Cookies - MuMystic","og_description":"Pol\u00edtica de Cookies \u2013 xpmu.online Esta Pol\u00edtica explica o que s\u00e3o cookies, quais usamos em xpmu.online e como voc\u00ea pode gerenciar suas prefer\u00eancias (LGPD\/GDPR). 1. O que s\u00e3o cookies? Pequenos arquivos armazenados no seu dispositivo para lembrar prefer\u00eancias, melhorar desempenho e permitir funcionalidades. 2. Tipos que utilizamos Essenciais: funcionamento b\u00e1sico, seguran\u00e7a, login. Desempenho\/Anal\u00edticos: uso do [&hellip;]","og_url":"https:\/\/xpmu.online\/en\/politica-de-cookies-2\/","og_site_name":"MuMystic","article_publisher":"https:\/\/www.facebook.com\/Brazukaoficial","twitter_card":"summary_large_image","twitter_misc":{"Est. reading time":"1 minute"},"schema":{"@context":"https:\/\/schema.org","@graph":[{"@type":"WebPage","@id":"https:\/\/xpmu.online\/politica-de-cookies-2\/","url":"https:\/\/xpmu.online\/politica-de-cookies-2\/","name":"Pol\u00edtica de Cookies - MuMystic","isPartOf":{"@id":"https:\/\/xpmu.online\/#website"},"datePublished":"2025-10-31T12:56:55+00:00","breadcrumb":{"@id":"https:\/\/xpmu.online\/politica-de-cookies-2\/#breadcrumb"},"inLanguage":"en-US","potentialAction":[{"@type":"ReadAction","target":["https:\/\/xpmu.online\/politica-de-cookies-2\/"]}]},{"@type":"BreadcrumbList","@id":"https:\/\/xpmu.online\/politica-de-cookies-2\/#breadcrumb","itemListElement":[{"@type":"ListItem","position":1,"name":"Home","item":"https:\/\/xpmu.online\/"},{"@type":"ListItem","position":2,"name":"Pol\u00edtica de Cookies"}]},{"@type":"WebSite","@id":"https:\/\/xpmu.online\/#website","url":"https:\/\/xpmu.online\/","name":"MuMystic","description":"Player Portal","publisher":{"@id":"https:\/\/xpmu.online\/#organization"},"potentialAction":[{"@type":"SearchAction","target":{"@type":"EntryPoint","urlTemplate":"https:\/\/xpmu.online\/?s={search_term_string}"},"query-input":{"@type":"PropertyValueSpecification","valueRequired":true,"valueName":"search_term_string"}}],"inLanguage":"en-US"},{"@type":"Organization","@id":"https:\/\/xpmu.online\/#organization","name":"MuMystic","url":"https:\/\/xpmu.online\/","logo":{"@type":"ImageObject","inLanguage":"en-US","@id":"https:\/\/xpmu.online\/#\/schema\/logo\/image\/","url":"https:\/\/xpmu.online\/wp-content\/uploads\/2025\/09\/cropped-MUMYSTICLOGO.fw_.png","contentUrl":"https:\/\/xpmu.online\/wp-content\/uploads\/2025\/09\/cropped-MUMYSTICLOGO.fw_.png","width":1672,"height":1672,"caption":"MuMystic"},"image":{"@id":"https:\/\/xpmu.online\/#\/schema\/logo\/image\/"},"sameAs":["https:\/\/www.facebook.com\/Brazukaoficial"]}]}},"_links":{"self":[{"href":"https:\/\/xpmu.online\/en\/wp-json\/wp\/v2\/pages\/1807","targetHints":{"allow":["GET"]}}],"collection":[{"href":"https:\/\/xpmu.online\/en\/wp-json\/wp\/v2\/pages"}],"about":[{"href":"https:\/\/xpmu.online\/en\/wp-json\/wp\/v2\/types\/page"}],"author":[{"embeddable":true,"href":"https:\/\/xpmu.online\/en\/wp-json\/wp\/v2\/users\/1"}],"replies":[{"embeddable":true,"href":"https:\/\/xpmu.online\/en\/wp-json\/wp\/v2\/comments?post=1807"}],"version-history":[{"count":0,"href":"https:\/\/xpmu.online\/en\/wp-json\/wp\/v2\/pages\/1807\/revisions"}],"wp:attachment":[{"href":"https:\/\/xpmu.online\/en\/wp-json\/wp\/v2\/media?parent=1807"}],"curies":[{"name":"wp","href":"https:\/\/api.w.org\/{rel}","templated":true}]}}